{"id":7498,"date":"2020-09-18T13:24:34","date_gmt":"2020-09-18T11:24:34","guid":{"rendered":"http:\/\/bcwd220.bookerclub.com\/?page_id=7498"},"modified":"2023-04-12T15:21:24","modified_gmt":"2023-04-12T13:21:24","slug":"cookie-policy","status":"publish","type":"page","link":"https:\/\/www.inhomelockers.com\/en\/cookie-policy\/","title":{"rendered":"Cookie policy"},"content":{"rendered":"[vc_row type=&#8221;full_width_background&#8221; full_screen_row_position=&#8221;middle&#8221; column_margin=&#8221;default&#8221; equal_height=&#8221;yes&#8221; content_placement=&#8221;middle&#8221; column_direction=&#8221;default&#8221; column_direction_tablet=&#8221;default&#8221; column_direction_phone=&#8221;default&#8221; bg_color=&#8221;#ff808b&#8221; bg_image=&#8221;22540&#8243; bg_position=&#8221;center center&#8221; bg_repeat=&#8221;no-repeat&#8221; scene_position=&#8221;center&#8221; top_padding=&#8221;15%&#8221; bottom_padding=&#8221;13%&#8221; text_color=&#8221;light&#8221; text_align=&#8221;left&#8221; row_border_radius=&#8221;none&#8221; row_border_radius_applies=&#8221;bg&#8221; color_overlay=&#8221;#231f20&#8243; overlay_strength=&#8221;0.3&#8243; gradient_direction=&#8221;left_b_to_right_t&#8221; shape_divider_position=&#8221;bottom&#8221; bg_image_animation=&#8221;fade-in&#8221; parallax_bg=&#8221;true&#8221; parallax_bg_speed=&#8221;fast&#8221; shape_type=&#8221;&#8221;][vc_column column_padding=&#8221;no-extra-padding&#8221; column_padding_tablet=&#8221;inherit&#8221; column_padding_phone=&#8221;inherit&#8221; column_padding_position=&#8221;all&#8221; background_color_opacity=&#8221;1&#8243; background_hover_color_opacity=&#8221;1&#8243; column_shadow=&#8221;none&#8221; column_border_radius=&#8221;none&#8221; column_link_target=&#8221;_self&#8221; gradient_direction=&#8221;left_to_right&#8221; overlay_strength=&#8221;0.3&#8243; width=&#8221;1\/2&#8243; tablet_width_inherit=&#8221;default&#8221; tablet_text_alignment=&#8221;default&#8221; phone_text_alignment=&#8221;default&#8221; column_border_width=&#8221;none&#8221; column_border_style=&#8221;solid&#8221; bg_image_animation=&#8221;none&#8221;][vc_row_inner column_margin=&#8221;default&#8221; column_direction=&#8221;default&#8221; column_direction_tablet=&#8221;default&#8221; column_direction_phone=&#8221;default&#8221; text_align=&#8221;left&#8221;][vc_column_inner column_padding=&#8221;no-extra-padding&#8221; column_padding_tablet=&#8221;inherit&#8221; column_padding_phone=&#8221;inherit&#8221; column_padding_position=&#8221;all&#8221; background_color_opacity=&#8221;1&#8243; background_hover_color_opacity=&#8221;1&#8243; column_shadow=&#8221;none&#8221; column_border_radius=&#8221;none&#8221; column_link_target=&#8221;_self&#8221; gradient_direction=&#8221;left_to_right&#8221; overlay_strength=&#8221;0.3&#8243; width=&#8221;1\/1&#8243; tablet_width_inherit=&#8221;default&#8221; column_border_width=&#8221;none&#8221; column_border_style=&#8221;solid&#8221; bg_image_animation=&#8221;none&#8221;][split_line_heading animation_type=&#8221;line-reveal-by-space&#8221; font_style=&#8221;h1&#8243; text_content=&#8221;Cookie policy&#8221;][\/split_line_heading][\/vc_column_inner][\/vc_row_inner][vc_row_inner column_margin=&#8221;default&#8221; column_direction=&#8221;default&#8221; column_direction_tablet=&#8221;default&#8221; column_direction_phone=&#8221;default&#8221; text_align=&#8221;left&#8221;][vc_column_inner column_padding=&#8221;no-extra-padding&#8221; column_padding_tablet=&#8221;inherit&#8221; column_padding_phone=&#8221;inherit&#8221; column_padding_position=&#8221;all&#8221; background_color_opacity=&#8221;1&#8243; background_hover_color_opacity=&#8221;1&#8243; column_shadow=&#8221;none&#8221; column_border_radius=&#8221;none&#8221; column_link_target=&#8221;_self&#8221; gradient_direction=&#8221;left_to_right&#8221; overlay_strength=&#8221;0.3&#8243; width=&#8221;1\/1&#8243; tablet_width_inherit=&#8221;default&#8221; column_border_width=&#8221;none&#8221; column_border_style=&#8221;solid&#8221; bg_image_animation=&#8221;none&#8221;][nectar_cta btn_style=&#8221;arrow-animation&#8221; heading_tag=&#8221;h4&#8243; text_color=&#8221;#ffffff&#8221; button_color=&#8221;extra-color-1&#8243; link_type=&#8221;regular&#8221; alignment=&#8221;left&#8221; display=&#8221;block&#8221; link_text=&#8221;Ver M\u00e1s&#8221; url=&#8221;#mas&#8221; margin_top=&#8221;30&#8243; padding_top=&#8221;20&#8243; padding_bottom=&#8221;20&#8243; padding_left=&#8221;40&#8243; padding_right=&#8221;40&#8243;][\/vc_column_inner][\/vc_row_inner][\/vc_column][vc_column column_padding=&#8221;no-extra-padding&#8221; column_padding_tablet=&#8221;inherit&#8221; column_padding_phone=&#8221;inherit&#8221; column_padding_position=&#8221;all&#8221; background_color_opacity=&#8221;1&#8243; background_hover_color_opacity=&#8221;1&#8243; column_shadow=&#8221;none&#8221; column_border_radius=&#8221;none&#8221; column_link_target=&#8221;_self&#8221; gradient_direction=&#8221;left_to_right&#8221; overlay_strength=&#8221;0.3&#8243; width=&#8221;1\/2&#8243; tablet_width_inherit=&#8221;default&#8221; tablet_text_alignment=&#8221;default&#8221; phone_text_alignment=&#8221;default&#8221; column_border_width=&#8221;none&#8221; column_border_style=&#8221;solid&#8221; bg_image_animation=&#8221;none&#8221;][\/vc_column][\/vc_row][vc_row type=&#8221;full_width_background&#8221; full_screen_row_position=&#8221;middle&#8221; column_margin=&#8221;default&#8221; column_direction=&#8221;default&#8221; column_direction_tablet=&#8221;default&#8221; column_direction_phone=&#8221;default&#8221; scene_position=&#8221;center&#8221; top_padding=&#8221;7%&#8221; bottom_padding=&#8221;7%&#8221; text_color=&#8221;light&#8221; text_align=&#8221;left&#8221; row_border_radius=&#8221;none&#8221; row_border_radius_applies=&#8221;bg&#8221; id=&#8221;mas&#8221; overlay_strength=&#8221;0.3&#8243; gradient_direction=&#8221;left_to_right&#8221; shape_divider_position=&#8221;bottom&#8221; bg_image_animation=&#8221;none&#8221; shape_type=&#8221;&#8221;][vc_column column_padding=&#8221;no-extra-padding&#8221; column_padding_tablet=&#8221;inherit&#8221; column_padding_phone=&#8221;inherit&#8221; column_padding_position=&#8221;all&#8221; background_color_opacity=&#8221;1&#8243; background_hover_color_opacity=&#8221;1&#8243; column_shadow=&#8221;none&#8221; column_border_radius=&#8221;none&#8221; column_link_target=&#8221;_self&#8221; gradient_direction=&#8221;left_to_right&#8221; overlay_strength=&#8221;0.3&#8243; width=&#8221;1\/1&#8243; tablet_width_inherit=&#8221;default&#8221; tablet_text_alignment=&#8221;default&#8221; phone_text_alignment=&#8221;default&#8221; column_border_width=&#8221;none&#8221; column_border_style=&#8221;solid&#8221; bg_image_animation=&#8221;none&#8221;][vc_column_text]\n<h3><span style=\"color: #231f20;\">1. \u00bfQu\u00e9 son las cookies?<\/span><\/h3>\n<p><span class=\"s1\" style=\"color: #231f20;\">La Web de\u00a0<b>inHome LOCKERS <\/b>(en adelante la Web)<b> <\/b>utiliza Cookies. Las Cookies son ficheros enviados a un navegador por medio de un servidor web para registrar las actividades del Usuario en una web determinada. La primera finalidad de las Cookies es la de facilitar al usuario un acceso m\u00e1s r\u00e1pido a los servicios seleccionados. Adem\u00e1s, las Cookies personalizan los servicios que ofrece la Web, facilitando y ofreciendo a cada usuario informaci\u00f3n que es de su inter\u00e9s o que puede ser de su inter\u00e9s, en atenci\u00f3n al uso que realiza de los Servicios.<\/span><\/p>\n<p class=\"p1\"><span class=\"s1\" style=\"color: #231f20;\">La Web utiliza Cookies para personalizar y facilitar al m\u00e1ximo la navegaci\u00f3n del usuario. Las Cookies se asocian \u00fanicamente a un usuario an\u00f3nimo y su ordenador y no proporcionan referencias que permitan deducir datos personales del usuario. El usuario podr\u00e1 configurar su navegador para que notifique y rechace la instalaci\u00f3n las Cookies enviadas por la Web, sin que ello perjudique la posibilidad del usuario de acceder a los contenidos de dicha web. Sin embargo, le hacemos notar que, en todo caso, la calidad de funcionamiento de la p\u00e1gina Web puede disminuir.<\/span><\/p>\n<p class=\"p1\"><span class=\"s1\" style=\"color: #231f20;\">Los usuarios registrados, que se registren o que hayan iniciado sesi\u00f3n, podr\u00e1n beneficiarse de unos servicios m\u00e1s personalizados y orientados a su perfil, gracias a la combinaci\u00f3n de los datos almacenados en las cookies con los datos personales utilizados en el momento de su registro. Dichos usuarios autorizan expresamente el uso de esta informaci\u00f3n con la finalidad indicada, sin perjuicio de su derecho a rechazar o deshabilitar el uso de cookies. <\/span><\/p>\n<p class=\"p1\"><span class=\"s1\" style=\"color: #231f20;\">Asimismo, la Web podr\u00e1 saber todos los servicios solicitados por los usuarios, de forma que podr\u00e1n facilitar u ofrecer informaci\u00f3n adecuada a los gustos y preferencias de cada usuario.<\/span><\/p>\n<h3><span style=\"color: #231f20;\">2. \u00bfQu\u00e9\u00a0tipos de cookies existen? <\/span><\/h3>\n<p><span style=\"color: #231f20;\">Las Cookies, en funci\u00f3n de su <b>Permanencia<\/b>, pueden dividirse en:<\/span><\/p>\n<p><span class=\"s1\" style=\"color: #231f20;\">&#8211;\u00a0<b>Cookies de sesi\u00f3n<\/b>: Las primeras expiran cuando el usuario cierra el navegador.<\/span><\/p>\n<p><span class=\"s1\" style=\"color: #231f20;\"><b>&#8211; Cookies persistentes<\/b>: Las segundas expiran en funci\u00f3n de cuando se cumpla el objetivo para el que sirven (por ejemplo, para que el usuario se mantenga identificado en los Servicios) o bien cuando se borran manualmente.<\/span><\/p>\n<p class=\"p4\"><span class=\"s1\" style=\"color: #231f20;\">Adicionalmente, en funci\u00f3n de su<b> Objetivo<\/b>, las Cookies pueden clasificarse de la siguiente forma:<\/span><\/p>\n<p><span class=\"s1\" style=\"color: #231f20;\"><b>&#8211; Cookies de rendimiento:<\/b> Este tipo de Cookie recuerda sus preferencias para las herramientas que se encuentran en los servicios, por lo que no tiene que volver a configurar el servicio cada vez que usted visita. A modo de ejemplo, en esta tipolog\u00eda se incluyen: <\/span><\/p>\n<p style=\"padding-left: 40px;\"><span class=\"s1\" style=\"color: #231f20;\">\u00b7 Ajustes de volumen de reproductores de v\u00eddeo o sonido.<\/span><\/p>\n<p style=\"padding-left: 40px;\"><span class=\"s1\" style=\"color: #231f20;\">\u00b7 Las velocidades de transmisi\u00f3n de v\u00eddeo que sean compatibles con su navegador.<\/span><\/p>\n<p><span class=\"s1\" style=\"color: #231f20;\"><b>&#8211; Cookies de geo-localizaci\u00f3n:<\/b> Estas Cookies son utilizadas para averiguar en qu\u00e9 pa\u00eds se encuentra cuando se solicita un servicio. Esta Cookie es totalmente an\u00f3nima, y s\u00f3lo se utiliza para ayudar a orientar el contenido a su ubicaci\u00f3n.<\/span><\/p>\n<p><span class=\"s1\" style=\"color: #231f20;\"><b>&#8211; Cookies de registro:<\/b> Las Cookies de registro se generan una vez que el usuario se ha registrado o posteriormente ha abierto su sesi\u00f3n, y se utilizan para identificarle en los servicios con los siguientes objetivos:<\/span><\/p>\n<p style=\"padding-left: 40px;\"><span class=\"s1\" style=\"color: #231f20;\">\u00b7 Mantener al usuario identificado de forma que, si cierra un servicio, el navegador o el ordenador y en otro momento u otro d\u00eda vuelve a entrar en dicho servicio, seguir\u00e1 identificado, facilitando as\u00ed su navegaci\u00f3n sin tener que volver a identificarse. Esta funcionalidad se puede suprimir si el usuario pulsa la funcionalidad \u201ccerrar sesi\u00f3n\u201d, de forma que<span class=\"Apple-converted-space\">\u00a0 <\/span>esta Cookie se elimina y la pr\u00f3xima vez que entre en el servicio el usuario tendr\u00e1 que iniciar sesi\u00f3n para estar identificado.<\/span><\/p>\n<p style=\"padding-left: 40px;\"><span class=\"s1\" style=\"color: #231f20;\">\u00b7 Comprobar si el usuario est\u00e1 autorizado para acceder a ciertos servicios, por ejemplo, para participar en un concurso.<\/span><\/p>\n<p><span class=\"s1\" style=\"color: #231f20;\"><b>&#8211; Cookies anal\u00edticas:<\/b> Cada vez que un Usuario visita un servicio, una herramienta de un proveedor externo<span class=\"Apple-converted-space\">\u00a0 <\/span>genera una Cookie anal\u00edtica en el ordenador del usuario. Esta Cookie que s\u00f3lo se genera en la visita, servir\u00e1 en pr\u00f3ximas visitas a los Servicios de la Web para identificar de forma an\u00f3nima al visitante. Los objetivos principales que se persiguen son:<\/span><\/p>\n<p style=\"padding-left: 40px;\"><span class=\"s1\" style=\"color: #231f20;\">\u00b7 Permitir la identificaci\u00f3n an\u00f3nima de los usuarios navegantes a trav\u00e9s de la \u201c<i>Cookie<\/i>\u201d (identifica navegadores y dispositivos, no personas) y por lo tanto la contabilizaci\u00f3n aproximada del n\u00famero de visitantes y su tendencia en el tiempo.<\/span><\/p>\n<p style=\"padding-left: 40px;\"><span class=\"s1\" style=\"color: #231f20;\">\u00b7 Identificar de forma an\u00f3nima los contenidos m\u00e1s visitados y por lo tanto m\u00e1s atractivos para los usuarios.<\/span><\/p>\n<p style=\"padding-left: 40px;\"><span class=\"s1\" style=\"color: #231f20;\">\u00b7 Saber si el usuario que est\u00e1 accediendo es nuevo o repite visita.<\/span><\/p>\n<p style=\"padding-left: 40px;\"><span class=\"s1\" style=\"color: #231f20;\">\u00b7 Importante: Salvo que el usuario decida registrarse en un servicio de la Web<b>,<\/b> la \u201c<i>Cookie<\/i>\u201d nunca ir\u00e1 asociada a ning\u00fan dato de car\u00e1cter personal que pueda identificarle. Dichas Cookies s\u00f3lo ser\u00e1n utilizadas con prop\u00f3sitos estad\u00edsticos que ayuden a la optimizaci\u00f3n de la experiencia de los Usuarios en el sitio.<br \/>\n<\/span><\/p>\n<h3><\/h3>\n<h3><span style=\"color: #231f20;\">3. \u00bfQu\u00e9 cookies utilizamos?<\/span><\/h3>\n<p class=\"p1\"><span class=\"s1\" style=\"color: #231f20;\">Las cookies que utilizamos en nuestra p\u00e1gina web son:<\/span><\/p>\n<ul class=\"ul1\">\n<li class=\"li1\"><span style=\"color: #231f20;\"><span class=\"s1\"><b>Propias:<\/b> <\/span><span class=\"s2\">Son aqu\u00e9llas que se env\u00edan al equipo terminal del usuario desde un equipo o dominio gestionado por el propio editor y desde el que se presta el servicio solicitado por el usuario.<\/span><\/span><\/li>\n<\/ul>\n<p style=\"padding-left: 40px;\"><span class=\"s4\" style=\"color: #231f20;\">\u00b7 Cookies de sesi\u00f3n<\/span><\/p>\n<ul class=\"ul1\">\n<li class=\"li1\"><span style=\"color: #231f20;\"><span class=\"s1\"><b>De terceros: <\/b><\/span><span class=\"s2\">Son aqu\u00e9llas que se env\u00edan al equipo terminal del usuario desde un equipo o dominio que no es gestionado por el editor, sino por otra entidad que trata los datos obtenidos trav\u00e9s de las cookies.<\/span><\/span><\/li>\n<\/ul>\n<p style=\"padding-left: 40px;\"><span style=\"color: #231f20;\"><span class=\"s4\">\u00b7 Google Analytics:\u00a0<\/span><a style=\"color: #231f20;\" href=\"https:\/\/support.google.com\/analytics\/answer\/6004245?hl=es\">https:\/\/support.google.com\/analytics\/answer\/6004245?hl=es<\/a><\/span><\/p>\n<h3 style=\"padding-left: 40px;\"><\/h3>\n<h3><span style=\"color: #231f20;\">4. \u00bfC\u00f3mo deshabilitar las Cookies? <\/span><\/h3>\n<p class=\"p1\"><span style=\"color: #231f20;\">Normalmente es posible dejar de aceptar las Cookies del navegador, o dejar de aceptar las Cookies de un Servicio en particular.<\/span><\/p>\n<p class=\"p1\"><span class=\"s1\" style=\"color: #231f20;\">Todos los navegadores modernos permiten cambiar la configuraci\u00f3n de Cookies. Estos ajustes normalmente se encuentran en las \u00a8opciones\u00a8 o \u00a8preferencias\u00a8 del men\u00fa de su navegador. Asimismo, puede configurar su navegador o su gestor de correo electr\u00f3nico, as\u00ed como instalar complementos gratuitos para evitar que se descarguen los Web <i>Bugs<\/i> al abrir un email.<\/span><\/p>\n<p class=\"p3\"><span class=\"s1\" style=\"color: #231f20;\">La Web ofrece orientaci\u00f3n al Usuario sobre los pasos para<span class=\"Apple-converted-space\">\u00a0 <\/span>acceder al men\u00fa de configuraci\u00f3n de las <i>cookies<\/i> y, en su caso, de la navegaci\u00f3n privada en cada uno de los navegadores principales:<\/span><\/p>\n<p style=\"padding-left: 40px;\"><span class=\"s1\" style=\"color: #231f20;\">\u00b7 Internet Explorer: Herramientas &#8211; &gt; Opciones de Internet &#8211; &gt; Privacidad &#8211; &gt;<span class=\"Apple-converted-space\">\u00a0 <\/span>Configuraci\u00f3n. (<\/span><span class=\"s1\" style=\"color: #231f20;\">Para m\u00e1s informaci\u00f3n, puede consultar el soporte de Microsoft o la Ayuda del navegador).<\/span><\/p>\n<p style=\"padding-left: 40px;\"><span class=\"s1\" style=\"color: #231f20;\">\u00b7 Firefox: Herramientas &#8211; &gt; Opciones &#8211; &gt; Privacidad &#8211; &gt; Historial &#8211; &gt; Configuraci\u00f3n personalizada.<\/span><\/p>\n<p style=\"padding-left: 40px;\"><span class=\"s1\" style=\"color: #231f20;\">\u00b7 Chrome: Configuraci\u00f3n &#8211; &gt; Mostrar opciones avanzadas &#8211; &gt; Privacidad &#8211; &gt; Configuraci\u00f3n de contenido.<\/span><\/p>\n<p style=\"padding-left: 40px;\"><span style=\"color: #231f20;\"><span class=\"s1\">\u00b7 Safari: Preferencias &#8211; &gt; Seguridad.\u00a0<\/span><span class=\"s1\">Para m\u00e1s informaci\u00f3n, puede consultar el soporte de Apple o la Ayuda del navegador.<\/span><\/span><\/p>\n<h3><span style=\"color: #231f20;\">5. \u00bfSe pueden producir modificaciones de la Pol\u00edtica de Cookies?<\/span><\/h3>\n<p class=\"p1\"><span class=\"s1\" style=\"color: #231f20;\">La Web puede modificar esta Pol\u00edtica de Cookies en funci\u00f3n de las exigencias legislativas, reglamentarias, o con la finalidad de adaptar dicha pol\u00edtica a las instrucciones dictadas por la Agencia Espa\u00f1ola de Protecci\u00f3n de Datos, por ello se aconseja a los usuarios que la visiten peri\u00f3dicamente. <\/span><\/p>\n<p class=\"p1\"><span class=\"s1\" style=\"color: #231f20;\">Cuando se produzcan cambios significativos en esta Pol\u00edtica de <i>Cookies<\/i>, se comunicar\u00e1n a los usuarios bien mediante la web o a trav\u00e9s de correo electr\u00f3nico a los usuarios registrados.<\/span><\/p>\n[\/vc_column_text][\/vc_column][\/vc_row]\n","protected":false},"excerpt":{"rendered":"<p>[vc_row type=&#8221;full_width_background&#8221; full_screen_row_position=&#8221;middle&#8221; column_margin=&#8221;default&#8221; equal_height=&#8221;yes&#8221; content_placement=&#8221;middle&#8221; column_direction=&#8221;default&#8221; column_direction_tablet=&#8221;default&#8221; column_direction_phone=&#8221;default&#8221; bg_color=&#8221;#ff808b&#8221; bg_image=&#8221;22540&#8243; bg_position=&#8221;center center&#8221; bg_repeat=&#8221;no-repeat&#8221; scene_position=&#8221;center&#8221; top_padding=&#8221;15%&#8221; bottom_padding=&#8221;13%&#8221; text_color=&#8221;light&#8221; text_align=&#8221;left&#8221; row_border_radius=&#8221;none&#8221; row_border_radius_applies=&#8221;bg&#8221; color_overlay=&#8221;#231f20&#8243; overlay_strength=&#8221;0.3&#8243; gradient_direction=&#8221;left_b_to_right_t&#8221; shape_divider_position=&#8221;bottom&#8221; bg_image_animation=&#8221;fade-in&#8221; parallax_bg=&#8221;true&#8221; parallax_bg_speed=&#8221;fast&#8221; shape_type=&#8221;&#8221;][vc_column column_padding=&#8221;no-extra-padding&#8221;&#8230;<\/p>\n","protected":false},"author":2,"featured_media":0,"parent":0,"menu_order":0,"comment_status":"closed","ping_status":"closed","template":"","meta":{"footnotes":""},"class_list":["post-7498","page","type-page","status-publish"],"_links":{"self":[{"href":"https:\/\/www.inhomelockers.com\/en\/wp-json\/wp\/v2\/pages\/7498","targetHints":{"allow":["GET"]}}],"collection":[{"href":"https:\/\/www.inhomelockers.com\/en\/wp-json\/wp\/v2\/pages"}],"about":[{"href":"https:\/\/www.inhomelockers.com\/en\/wp-json\/wp\/v2\/types\/page"}],"author":[{"embeddable":true,"href":"https:\/\/www.inhomelockers.com\/en\/wp-json\/wp\/v2\/users\/2"}],"replies":[{"embeddable":true,"href":"https:\/\/www.inhomelockers.com\/en\/wp-json\/wp\/v2\/comments?post=7498"}],"version-history":[{"count":4,"href":"https:\/\/www.inhomelockers.com\/en\/wp-json\/wp\/v2\/pages\/7498\/revisions"}],"predecessor-version":[{"id":23209,"href":"https:\/\/www.inhomelockers.com\/en\/wp-json\/wp\/v2\/pages\/7498\/revisions\/23209"}],"wp:attachment":[{"href":"https:\/\/www.inhomelockers.com\/en\/wp-json\/wp\/v2\/media?parent=7498"}],"curies":[{"name":"wp","href":"https:\/\/api.w.org\/{rel}","templated":true}]}}