{"id":22349,"date":"2021-10-05T16:31:03","date_gmt":"2021-10-05T14:31:03","guid":{"rendered":"http:\/\/bcwd220.bookerclub.com\/?page_id=22349"},"modified":"2023-04-12T15:22:45","modified_gmt":"2023-04-12T13:22:45","slug":"privacy-policy","status":"publish","type":"page","link":"https:\/\/www.inhomelockers.com\/en\/privacy-policy\/","title":{"rendered":"Privacy policy"},"content":{"rendered":"[vc_row type=&#8221;full_width_background&#8221; full_screen_row_position=&#8221;middle&#8221; column_margin=&#8221;default&#8221; equal_height=&#8221;yes&#8221; content_placement=&#8221;middle&#8221; column_direction=&#8221;default&#8221; column_direction_tablet=&#8221;default&#8221; column_direction_phone=&#8221;default&#8221; bg_color=&#8221;#ff808b&#8221; bg_image=&#8221;22543&#8243; bg_position=&#8221;center center&#8221; bg_repeat=&#8221;no-repeat&#8221; scene_position=&#8221;center&#8221; top_padding=&#8221;15%&#8221; bottom_padding=&#8221;13%&#8221; text_color=&#8221;light&#8221; text_align=&#8221;left&#8221; row_border_radius=&#8221;none&#8221; row_border_radius_applies=&#8221;bg&#8221; color_overlay=&#8221;#231f20&#8243; overlay_strength=&#8221;0.3&#8243; gradient_direction=&#8221;left_b_to_right_t&#8221; shape_divider_position=&#8221;bottom&#8221; bg_image_animation=&#8221;fade-in&#8221; parallax_bg=&#8221;true&#8221; parallax_bg_speed=&#8221;fast&#8221; shape_type=&#8221;&#8221;][vc_column column_padding=&#8221;no-extra-padding&#8221; column_padding_tablet=&#8221;inherit&#8221; column_padding_phone=&#8221;inherit&#8221; column_padding_position=&#8221;all&#8221; background_color_opacity=&#8221;1&#8243; background_hover_color_opacity=&#8221;1&#8243; column_shadow=&#8221;none&#8221; column_border_radius=&#8221;none&#8221; column_link_target=&#8221;_self&#8221; gradient_direction=&#8221;left_to_right&#8221; overlay_strength=&#8221;0.3&#8243; width=&#8221;1\/2&#8243; tablet_width_inherit=&#8221;default&#8221; tablet_text_alignment=&#8221;default&#8221; phone_text_alignment=&#8221;default&#8221; column_border_width=&#8221;none&#8221; column_border_style=&#8221;solid&#8221; bg_image_animation=&#8221;none&#8221;][vc_row_inner column_margin=&#8221;default&#8221; column_direction=&#8221;default&#8221; column_direction_tablet=&#8221;default&#8221; column_direction_phone=&#8221;default&#8221; text_align=&#8221;left&#8221;][vc_column_inner column_padding=&#8221;no-extra-padding&#8221; column_padding_tablet=&#8221;inherit&#8221; column_padding_phone=&#8221;inherit&#8221; column_padding_position=&#8221;all&#8221; background_color_opacity=&#8221;1&#8243; background_hover_color_opacity=&#8221;1&#8243; column_shadow=&#8221;none&#8221; column_border_radius=&#8221;none&#8221; column_link_target=&#8221;_self&#8221; gradient_direction=&#8221;left_to_right&#8221; overlay_strength=&#8221;0.3&#8243; width=&#8221;1\/1&#8243; tablet_width_inherit=&#8221;default&#8221; column_border_width=&#8221;none&#8221; column_border_style=&#8221;solid&#8221; bg_image_animation=&#8221;none&#8221;][split_line_heading animation_type=&#8221;line-reveal-by-space&#8221; font_style=&#8221;h1&#8243; text_content=&#8221;Privacy Policy&#8221;][\/split_line_heading][\/vc_column_inner][\/vc_row_inner][vc_row_inner column_margin=&#8221;default&#8221; column_direction=&#8221;default&#8221; column_direction_tablet=&#8221;default&#8221; column_direction_phone=&#8221;default&#8221; text_align=&#8221;left&#8221;][vc_column_inner column_padding=&#8221;no-extra-padding&#8221; column_padding_tablet=&#8221;inherit&#8221; column_padding_phone=&#8221;inherit&#8221; column_padding_position=&#8221;all&#8221; background_color_opacity=&#8221;1&#8243; background_hover_color_opacity=&#8221;1&#8243; column_shadow=&#8221;none&#8221; column_border_radius=&#8221;none&#8221; column_link_target=&#8221;_self&#8221; gradient_direction=&#8221;left_to_right&#8221; overlay_strength=&#8221;0.3&#8243; width=&#8221;1\/1&#8243; tablet_width_inherit=&#8221;default&#8221; column_border_width=&#8221;none&#8221; column_border_style=&#8221;solid&#8221; bg_image_animation=&#8221;none&#8221;][nectar_cta btn_style=&#8221;arrow-animation&#8221; heading_tag=&#8221;h4&#8243; text_color=&#8221;#ffffff&#8221; button_color=&#8221;extra-color-1&#8243; link_type=&#8221;regular&#8221; alignment=&#8221;left&#8221; display=&#8221;block&#8221; link_text=&#8221;Ver M\u00e1s&#8221; url=&#8221;#mas&#8221; margin_top=&#8221;30&#8243; padding_top=&#8221;20&#8243; padding_bottom=&#8221;20&#8243; padding_left=&#8221;40&#8243; padding_right=&#8221;40&#8243;][\/vc_column_inner][\/vc_row_inner][\/vc_column][vc_column column_padding=&#8221;no-extra-padding&#8221; column_padding_tablet=&#8221;inherit&#8221; column_padding_phone=&#8221;inherit&#8221; column_padding_position=&#8221;all&#8221; background_color_opacity=&#8221;1&#8243; background_hover_color_opacity=&#8221;1&#8243; column_shadow=&#8221;none&#8221; column_border_radius=&#8221;none&#8221; column_link_target=&#8221;_self&#8221; gradient_direction=&#8221;left_to_right&#8221; overlay_strength=&#8221;0.3&#8243; width=&#8221;1\/2&#8243; tablet_width_inherit=&#8221;default&#8221; tablet_text_alignment=&#8221;default&#8221; phone_text_alignment=&#8221;default&#8221; column_border_width=&#8221;none&#8221; column_border_style=&#8221;solid&#8221; bg_image_animation=&#8221;none&#8221;][\/vc_column][\/vc_row][vc_row type=&#8221;full_width_background&#8221; full_screen_row_position=&#8221;middle&#8221; column_margin=&#8221;default&#8221; column_direction=&#8221;default&#8221; column_direction_tablet=&#8221;default&#8221; column_direction_phone=&#8221;default&#8221; scene_position=&#8221;center&#8221; top_padding=&#8221;7%&#8221; bottom_padding=&#8221;7%&#8221; text_color=&#8221;light&#8221; text_align=&#8221;left&#8221; row_border_radius=&#8221;none&#8221; row_border_radius_applies=&#8221;bg&#8221; id=&#8221;mas&#8221; overlay_strength=&#8221;0.3&#8243; gradient_direction=&#8221;left_to_right&#8221; shape_divider_position=&#8221;bottom&#8221; bg_image_animation=&#8221;none&#8221; shape_type=&#8221;&#8221;][vc_column column_padding=&#8221;no-extra-padding&#8221; column_padding_tablet=&#8221;inherit&#8221; column_padding_phone=&#8221;inherit&#8221; column_padding_position=&#8221;all&#8221; background_color_opacity=&#8221;1&#8243; background_hover_color_opacity=&#8221;1&#8243; column_shadow=&#8221;none&#8221; column_border_radius=&#8221;none&#8221; column_link_target=&#8221;_self&#8221; gradient_direction=&#8221;left_to_right&#8221; overlay_strength=&#8221;0.3&#8243; width=&#8221;1\/1&#8243; tablet_width_inherit=&#8221;default&#8221; tablet_text_alignment=&#8221;default&#8221; phone_text_alignment=&#8221;default&#8221; column_border_width=&#8221;none&#8221; column_border_style=&#8221;solid&#8221; bg_image_animation=&#8221;none&#8221;][vc_column_text]\n<p class=\"p1\"><span class=\"s1\" style=\"color: #231f20;\">Siguiendo los principios de licitud, lealtad y transparencia, ponemos a su disposici\u00f3n la presente Pol\u00edtica de Privacidad.<\/span><\/p>\n<p class=\"p1\"><span style=\"color: #231f20;\"><strong><span class=\"s1\">\u00bfQui\u00e9n es el Responsable del tratamiento de sus datos?<\/span><\/strong><\/span><\/p>\n<p><span style=\"color: #000000;\">LIAR 175, S.L.<\/span><br \/>\n<span style=\"color: #000000;\">CIF: B02939296<\/span><br \/>\n<span style=\"color: #000000;\">Domicilio Social: Calle Arquitectura, 59, 28224, Pozuelo de Alarc\u00f3n, Madrid, Espa\u00f1a.<\/span><br \/>\n<span style=\"color: #000000;\">Email: info@inhomelockers.com<\/span><br \/>\n<span style=\"color: #000000;\">Tel\u00e9fono: <a style=\"color: #000000;\" href=\"tel:0034632695257\">+34 632 695 257<\/a><\/span><\/p>\n<p class=\"p1\"><span style=\"color: #231f20;\"><strong><span class=\"s1\">\u00bfCon qu\u00e9 finalidad tratamos sus datos personales?<\/span><\/strong><\/span><\/p>\n<p><span class=\"s1\" style=\"color: #231f20;\">En inHome LOCKERS\u00a0tratamos la informaci\u00f3n que nos facilita con la finalidad de gestionar la relaci\u00f3n contractual que nos une, gestionar el env\u00edo de la informaci\u00f3n que nos solicite, facilitar a los interesados ofertas de nuestros servicios y\/o productos de su inter\u00e9s.<\/span><\/p>\n<p class=\"p1\"><span style=\"color: #231f20;\"><strong><span class=\"s1\">\u00bfPor cu\u00e1nto tiempo conservaremos sus datos personales?<\/span><\/strong><\/span><\/p>\n<p><span class=\"s1\" style=\"color: #231f20;\">Sus datos, ser\u00e1n conservados el tiempo m\u00ednimo necesario para la correcta prestaci\u00f3n del servicio ofrecido as\u00ed como para atender las responsabilidades que se pudieran derivar del mismo y de cualquier otra exigencia legal.<\/span><\/p>\n<p class=\"p1\"><span style=\"color: #231f20;\"><strong><span class=\"s1\">\u00bfCu\u00e1l es la legitimaci\u00f3n para el tratamiento de sus datos?<\/span><\/strong><\/span><\/p>\n<p><span class=\"s1\" style=\"color: #231f20;\">La base legal para el tratamiento de sus datos personales puede ser la ejecuci\u00f3n de una relaci\u00f3n contractual potencial y\/o suscrita, el inter\u00e9s leg\u00edtimo, la habilitaci\u00f3n legal y\/o el consentimiento del propio interesado. Los datos que le solicitamos son adecuados, pertinentes y estrictamente necesarios y en ning\u00fan caso est\u00e1 obligado a facilit\u00e1rnoslos, pero su no comunicaci\u00f3n podr\u00e1 afectar a la finalidad del servicio o la imposibilidad de prestarlo.<\/span><\/p>\n<p class=\"p1\"><span style=\"color: #231f20;\"><strong><span class=\"s1\">\u00bfA qu\u00e9 destinatarios se comunicar\u00e1n sus datos?<\/span><\/strong><\/span><\/p>\n<p><span class=\"s1\" style=\"color: #231f20;\">inHome LOCKERS no comunicar\u00e1 sus datos a ning\u00fan tercero, salvo que se informe de ello expresamente.<\/span><\/p>\n<p><span class=\"s1\" style=\"color: #231f20;\">Por otra parte, podr\u00e1n tener acceso a sus datos personales los encargados del tratamiento de la Sociedad, es decir, los prestadores de servicios que tengan que acceder a sus datos personales para el desarrollo de sus funciones.<\/span><\/p>\n<p class=\"p1\"><span style=\"color: #231f20;\"><strong><span class=\"s1\">\u00bfCu\u00e1les son sus derechos cuando nos facilita sus datos?<\/span><\/strong><\/span><\/p>\n<p><span class=\"s1\" style=\"color: #231f20;\">Los derechos de protecci\u00f3n de datos de los que son titulares los interesados son:<\/span><\/p>\n<p style=\"padding-left: 40px;\"><span class=\"s1\" style=\"color: #231f20;\">\u00b7 Derecho a solicitar el acceso a los datos personales relativos al interesado<\/span><\/p>\n<p style=\"padding-left: 40px;\"><span class=\"s1\" style=\"color: #231f20;\">\u00b7 Derecho de rectificaci\u00f3n o supresi\u00f3n<\/span><\/p>\n<p style=\"padding-left: 40px;\"><span class=\"s1\" style=\"color: #231f20;\">\u00b7 Derecho de oposici\u00f3n<\/span><\/p>\n<p style=\"padding-left: 40px;\"><span class=\"s1\" style=\"color: #231f20;\">\u00b7 Derecho a solicitar la limitaci\u00f3n de su tratamiento <\/span><\/p>\n<p style=\"padding-left: 40px;\"><span class=\"s1\" style=\"color: #231f20;\">\u00b7 Derecho a la portabilidad de los datos<\/span><\/p>\n<p><span class=\"s1\" style=\"color: #231f20;\">Los titulares de los datos personales obtenidos, podr\u00e1n ejercer sus derechos de protecci\u00f3n de datos personales dirigiendo una comunicaci\u00f3n por escrito al domicilio social de LIAR 175, S.L. o al correo electr\u00f3nico habilitado a tal efecto, <span class=\"s2\" style=\"color: #231f20;\">info@inhomelockers.com<\/span>, incluyendo en ambos casos fotocopia de su DNI u otro documento de identificaci\u00f3n equivalente.<\/span><\/p>\n<p><span class=\"s1\" style=\"color: #231f20;\">Modelos, formularios y m\u00e1s informaci\u00f3n disponible sobre sus derechos en la p\u00e1gina web de la autoridad de control nacional, Agencia Espa\u00f1ola de Protecci\u00f3n de Datos, en adelante, AEPD, <a style=\"color: #231f20;\" href=\"http:\/\/www.agpd.es\"><span class=\"s3\">www.agpd.es<\/span><\/a>.<\/span><\/p>\n<p><span style=\"color: #231f20;\"><strong><span class=\"s1\">\u00bfPuedo retirar el consentimiento?<\/span><\/strong><\/span><\/p>\n<p><span class=\"s1\" style=\"color: #231f20;\">Usted tiene la posibilidad y el derecho a retirar el consentimiento para cualquiera finalidad espec\u00edfica otorgada en su momento, sin que ello afecte a la licitud del tratamiento basado en el consentimiento previo a su retirada.<\/span><\/p>\n<p><span style=\"color: #231f20;\"><strong><span class=\"s1\">\u00bfD\u00f3nde puedo reclamar en caso de que considere que no se tratan mis datos correctamente?<\/span><\/strong><\/span><\/p>\n<p><span class=\"s1\" style=\"color: #231f20;\">Si alg\u00fan interesado considera que sus datos no son tratados correctamente por LIAR 175, S.L. puede dirigir sus reclamaciones al correo <span class=\"s2\" style=\"color: #231f20;\">info@inhomelockers.com<\/span> o a la autoridad de protecci\u00f3n de datos que corresponda, siendo la AEPD la indicada en el territorio nacional, <a style=\"color: #231f20;\" href=\"http:\/\/www.agpd.es\"><span class=\"s3\">www.agpd.es<\/span><\/a><\/span><\/p>\n<p><span style=\"color: #231f20;\"><strong><span class=\"s1\">Seguridad y actualizaci\u00f3n de sus datos personales<\/span><\/strong><\/span><\/p>\n<p><span class=\"s1\" style=\"color: #231f20;\">Con el objetivo de salvaguardar la seguridad de sus datos personales, le informamos que LIAR 175, S.L. ha adoptado todas las medidas de \u00edndole t\u00e9cnica y organizativa necesarias para garantizar la seguridad de los datos personales suministrados. Todo ello para evitar su alteraci\u00f3n, p\u00e9rdida, y\/o tratamientos o accesos no autorizados, tal como exige la normativa, si bien la seguridad absoluta no existe. <\/span><\/p>\n<p><span class=\"s1\" style=\"color: #231f20;\">Es importante que, para que podamos mantener sus datos personales actualizados, nos informe siempre que se produzca una modificaci\u00f3n de los mismos.<\/span><\/p>\n<p><span style=\"color: #231f20;\"><strong><span class=\"s1\">Confidencialidad<\/span><\/strong><\/span><\/p>\n<p><span style=\"color: #231f20;\"><span class=\"s1\"><span class=\"s1\" style=\"color: #231f20;\">LIAR 175, S.L.<\/span> le informa que sus datos ser\u00e1n tratados con el m\u00e1ximo celo y confidencialidad por todo el personal que intervenga en cualquiera de las fases del tratamiento. No cederemos ni comunicaremos a ning\u00fan tercero sus datos, excepto en los casos legalmente previstos, o salvo que el interesado nos hubiera autorizado expresamente<\/span><span class=\"s6\"><b>.<\/b><\/span><\/span>[\/vc_column_text][\/vc_column][\/vc_row]\n","protected":false},"excerpt":{"rendered":"<p>[vc_row type=&#8221;full_width_background&#8221; full_screen_row_position=&#8221;middle&#8221; column_margin=&#8221;default&#8221; equal_height=&#8221;yes&#8221; content_placement=&#8221;middle&#8221; column_direction=&#8221;default&#8221; column_direction_tablet=&#8221;default&#8221; column_direction_phone=&#8221;default&#8221; bg_color=&#8221;#ff808b&#8221; bg_image=&#8221;22543&#8243; bg_position=&#8221;center center&#8221; bg_repeat=&#8221;no-repeat&#8221; scene_position=&#8221;center&#8221; top_padding=&#8221;15%&#8221; bottom_padding=&#8221;13%&#8221; text_color=&#8221;light&#8221; text_align=&#8221;left&#8221; row_border_radius=&#8221;none&#8221; row_border_radius_applies=&#8221;bg&#8221; color_overlay=&#8221;#231f20&#8243; overlay_strength=&#8221;0.3&#8243; gradient_direction=&#8221;left_b_to_right_t&#8221; shape_divider_position=&#8221;bottom&#8221; bg_image_animation=&#8221;fade-in&#8221; parallax_bg=&#8221;true&#8221; parallax_bg_speed=&#8221;fast&#8221; shape_type=&#8221;&#8221;][vc_column column_padding=&#8221;no-extra-padding&#8221;&#8230;<\/p>\n","protected":false},"author":2,"featured_media":0,"parent":0,"menu_order":0,"comment_status":"closed","ping_status":"closed","template":"","meta":{"footnotes":""},"class_list":["post-22349","page","type-page","status-publish"],"_links":{"self":[{"href":"https:\/\/www.inhomelockers.com\/en\/wp-json\/wp\/v2\/pages\/22349","targetHints":{"allow":["GET"]}}],"collection":[{"href":"https:\/\/www.inhomelockers.com\/en\/wp-json\/wp\/v2\/pages"}],"about":[{"href":"https:\/\/www.inhomelockers.com\/en\/wp-json\/wp\/v2\/types\/page"}],"author":[{"embeddable":true,"href":"https:\/\/www.inhomelockers.com\/en\/wp-json\/wp\/v2\/users\/2"}],"replies":[{"embeddable":true,"href":"https:\/\/www.inhomelockers.com\/en\/wp-json\/wp\/v2\/comments?post=22349"}],"version-history":[{"count":4,"href":"https:\/\/www.inhomelockers.com\/en\/wp-json\/wp\/v2\/pages\/22349\/revisions"}],"predecessor-version":[{"id":23211,"href":"https:\/\/www.inhomelockers.com\/en\/wp-json\/wp\/v2\/pages\/22349\/revisions\/23211"}],"wp:attachment":[{"href":"https:\/\/www.inhomelockers.com\/en\/wp-json\/wp\/v2\/media?parent=22349"}],"curies":[{"name":"wp","href":"https:\/\/api.w.org\/{rel}","templated":true}]}}